{"id":684,"date":"2020-12-24T18:14:51","date_gmt":"2020-12-24T12:44:51","guid":{"rendered":"https:\/\/bhaagyashri.estoniatech.com\/?page_id=684"},"modified":"2020-12-25T12:45:28","modified_gmt":"2020-12-25T07:15:28","slug":"katha-shabdavali-2","status":"publish","type":"page","link":"https:\/\/bhaagyashri.estoniatech.com\/index.php\/katha-shabdavali-2\/","title":{"rendered":"\u0915\u0925\u093e \u0936\u092c\u094d\u0926\u093e\u0935\u0932\u0940"},"content":{"rendered":"\n<p>\u0915\u0925\u093e \u0936\u092c\u094d\u0926\u093e\u0935\u0932\u0940&nbsp;&nbsp;&nbsp;&nbsp;&nbsp;&nbsp;&nbsp;&nbsp;&nbsp;&nbsp;&nbsp;&nbsp;&nbsp;<\/p>\n\n\n\n<p>bh\u0101gya&nbsp; \u0926\u0941\u0930\u094d\u092d\u093e\u0917\u094d\u092f<\/p>\n\n\n\n<p>Abhiman&nbsp;&nbsp;&nbsp;&nbsp;&nbsp;&nbsp;&nbsp;&nbsp;&nbsp;&nbsp;&nbsp;&nbsp;&nbsp; \u0939\u0947\u0915\u0921\u093c\u0940<\/p>\n\n\n\n<p>abhy\u0101s&nbsp; \u0905\u0927\u094d\u092f\u092f\u0928<\/p>\n\n\n\n<p>\u0905\u092c\u094b\u0927&nbsp; \u092e\u093e\u0938\u0942\u092e<\/p>\n\n\n\n<p>\u0101charan \u0935\u094d\u092f\u0935\u0939\u093e\u0930, \u0906\u091a\u0930\u0923, \u0935\u094d\u092f\u0935\u0939\u093e\u0930<\/p>\n\n\n\n<p>\u0905\u0926\u093e\u0930&nbsp;&nbsp; \u0906\u0926\u0930 \u0915\u0930\u0928\u093e<\/p>\n\n\n\n<p>adharam&nbsp;&nbsp;&nbsp;&nbsp;&nbsp;&nbsp;&nbsp;&nbsp;&nbsp;&nbsp;&nbsp;&nbsp;&nbsp; \u0905\u0927\u0930\u094d\u092e, \u0926\u0941\u0937\u094d\u091f \u0906\u091a\u0930\u0923, \u0905\u0928\u0948\u0924\u093f\u0915\u0924\u093e<\/p>\n\n\n\n<p>adhy\u0101tmik jagat \u0906\u0927\u094d\u092f\u093e\u0924\u094d\u092e\u093f\u0915 \u0926\u0941\u0928\u093f\u092f\u093e<\/p>\n\n\n\n<p>\u0905\u0917\u094d\u0928\u093f&nbsp; \u0906\u0917<\/p>\n\n\n\n<p>\u0906\u091c\u094d\u091e\u093e&nbsp; \u0917\u0923<\/p>\n\n\n\n<p>ahank\u0101r&nbsp;&nbsp;&nbsp;&nbsp;&nbsp;&nbsp;&nbsp;&nbsp;&nbsp;&nbsp;&nbsp;&nbsp;&nbsp;&nbsp; \u0905\u0939\u0902\u0915\u093e\u0930<\/p>\n\n\n\n<p>\u0905\u0939\u093f\u0902\u0938\u093e \u0905\u0939\u093f\u0902\u0938<\/p>\n\n\n\n<p>aitih\u0101sik&nbsp;&nbsp;&nbsp;&nbsp;&nbsp;&nbsp;&nbsp;&nbsp;&nbsp;&nbsp;&nbsp;&nbsp;&nbsp;&nbsp; \u0910\u0924\u093f\u0939\u093e\u0938\u093f\u0915<\/p>\n\n\n\n<p>alochn\u0101 \u0906\u0932\u094b\u091a\u0928\u093e<\/p>\n\n\n\n<p>\u0905\u092e\u0930&nbsp;&nbsp; \u0905\u091c\u0930 \u0905\u092e\u0930<\/p>\n\n\n\n<p>\u0905\u092e\u0943\u0924&nbsp; \u0905\u092e\u0943\u0924<\/p>\n\n\n\n<p>an\u0101rth&nbsp;&nbsp; \u0917\u0932\u0924 \u0905\u0930\u094d\u0925<\/p>\n\n\n\n<p>andhat\u0101&nbsp;&nbsp;&nbsp;&nbsp;&nbsp;&nbsp;&nbsp;&nbsp;&nbsp;&nbsp;&nbsp;&nbsp;&nbsp;&nbsp; \u0905\u0902\u0927\u093e\u092a\u0928<\/p>\n\n\n\n<p>\u0905\u0928\u0947\u0915&nbsp; \u0915\u0908, \u0915\u0908<\/p>\n\n\n\n<p>\u0905\u0902\u091c\u0928&nbsp; \u0905\u0928\u091c\u093e\u0928<\/p>\n\n\n\n<p>\u0905\u0928\u0941\u092d\u0935 \u0905\u0928\u0941\u092d\u0935<\/p>\n\n\n\n<p>\u0905\u0928\u0941\u092d\u0942\u0924\u093f \u0905\u0928\u0941\u092d\u0935, \u0927\u093e\u0930\u0923\u093e<\/p>\n\n\n\n<p>anuchit&nbsp; \u0905\u0928\u0941\u092a\u092f\u0941\u0915\u094d\u0924<\/p>\n\n\n\n<p>\u0905\u0928\u0941\u0917\u094d\u0930\u0939 \u092a\u0930\u092e\u093e\u0924\u094d\u092e\u093e \u0915\u0940 \u0915\u0943\u092a\u093e<\/p>\n\n\n\n<p>apary\u0101pta&nbsp;&nbsp;&nbsp;&nbsp;&nbsp;&nbsp;&nbsp;&nbsp;&nbsp;&nbsp;&nbsp; \u0905\u092a\u0930\u094d\u092f\u093e\u092a\u094d\u0924<\/p>\n\n\n\n<p>apshakun&nbsp;&nbsp;&nbsp;&nbsp;&nbsp;&nbsp;&nbsp;&nbsp;&nbsp;&nbsp;&nbsp;&nbsp; \u0905\u092a\u0936\u0917\u0941\u0928<\/p>\n\n\n\n<p>apv\u0101d&nbsp;&nbsp;&nbsp; \u0905\u092a\u0935\u093e\u0926<\/p>\n\n\n\n<p>\u0906\u0938\u0928&nbsp; \u0938\u0940\u091f<\/p>\n\n\n\n<p>\u0101sh\u0101v\u0101di&nbsp;&nbsp;&nbsp;&nbsp;&nbsp;&nbsp;&nbsp;&nbsp;&nbsp;&nbsp;&nbsp;&nbsp;&nbsp; \u0906\u0936\u093e\u0935\u093e\u0926\u0940<\/p>\n\n\n\n<p>\u0101shrai&nbsp;&nbsp;&nbsp; \u0906\u0936\u094d\u0930\u092f<\/p>\n\n\n\n<p>\u0906\u0936\u094d\u0930\u092e&nbsp; \u0906\u0936\u094d\u0930\u092e<\/p>\n\n\n\n<p>\u0906\u0938\u094d\u0925\u093e \u0906\u0938\u094d\u0925\u093e<\/p>\n\n\n\n<p>\u0905\u0938\u094d\u0924\u093f\u0924\u094d\u0935&nbsp;&nbsp;&nbsp;&nbsp;&nbsp;&nbsp; \u0905\u0938\u094d\u0924\u093f\u0924\u094d\u0935, \u0938\u0943\u091c\u0928<\/p>\n\n\n\n<p>\u0906\u0924\u094d\u092e\u093e&nbsp; \u0905\u0928\u094d\u0924: \u092e\u0928<\/p>\n\n\n\n<p>atut&nbsp;&nbsp;&nbsp;&nbsp;&nbsp;&nbsp;&nbsp; \u092e\u091c\u092c\u0942\u0924, \u0905\u0938\u0902\u092c\u0926\u094d\u0927<\/p>\n\n\n\n<p>avasth\u0101 \u0917\u0932\u0924 \u0905\u0930\u094d\u0925<\/p>\n\n\n\n<p>\u0905\u0935\u093f\u0926\u094d\u092f\u093e \u092e\u0902\u091a<\/p>\n\n\n\n<p>avilamb \u092c\u093f\u0928\u093e \u0926\u0947\u0930 \u0915\u093f\u092f\u0947<\/p>\n\n\n\n<p>avshadi \u0907\u0932\u093e\u091c, \u0926\u0935\u093e<\/p>\n","protected":false},"excerpt":{"rendered":"<p>\u0915\u0925\u093e \u0936\u092c\u094d\u0926\u093e\u0935\u0932\u0940&nbsp;&nbsp;&nbsp;&nbsp;&nbsp;&nbsp;&nbsp;&nbsp;&nbsp;&nbsp;&nbsp;&nbsp;&nbsp; bh\u0101gya&nbsp; \u0926\u0941\u0930\u094d\u092d\u093e\u0917\u094d\u092f Abhiman&nbsp;&nbsp;&nbsp;&nbsp;&nbsp;&nbsp;&nbsp;&nbsp;&nbsp;&nbsp;&nbsp;&nbsp;&nbsp; \u0939\u0947\u0915\u0921\u093c\u0940 abhy\u0101s&nbsp; \u0905\u0927\u094d\u092f\u092f\u0928 \u0905\u092c\u094b\u0927&nbsp; \u092e\u093e\u0938\u0942\u092e \u0101charan \u0935\u094d\u092f\u0935\u0939\u093e\u0930, \u0906\u091a\u0930\u0923, \u0935\u094d\u092f\u0935\u0939\u093e\u0930 \u0905\u0926\u093e\u0930&nbsp;&nbsp; \u0906\u0926\u0930 \u0915\u0930\u0928\u093e adharam&nbsp;&nbsp;&nbsp;&nbsp;&nbsp;&nbsp;&nbsp;&nbsp;&nbsp;&nbsp;&nbsp;&nbsp;&nbsp; \u0905\u0927\u0930\u094d\u092e, \u0926\u0941\u0937\u094d\u091f \u0906\u091a\u0930\u0923, \u0905\u0928\u0948\u0924\u093f\u0915\u0924\u093e adhy\u0101tmik jagat \u0906\u0927\u094d\u092f\u093e\u0924\u094d\u092e\u093f\u0915 \u0926\u0941\u0928\u093f\u092f\u093e \u0905\u0917\u094d\u0928\u093f&nbsp; \u0906\u0917 \u0906\u091c\u094d\u091e\u093e&nbsp; \u0917\u0923 ahank\u0101r&nbsp;&nbsp;&nbsp;&nbsp;&nbsp;&nbsp;&nbsp;&nbsp;&nbsp;&nbsp;&nbsp;&nbsp;&nbsp;&nbsp; \u0905\u0939\u0902\u0915\u093e\u0930 \u0905\u0939\u093f\u0902\u0938\u093e \u0905\u0939\u093f\u0902\u0938 aitih\u0101sik&nbsp;&nbsp;&nbsp;&nbsp;&nbsp;&nbsp;&nbsp;&nbsp;&nbsp;&nbsp;&nbsp;&nbsp;&nbsp;&nbsp; \u0910\u0924\u093f\u0939\u093e\u0938\u093f\u0915 alochn\u0101 \u0906\u0932\u094b\u091a\u0928\u093e \u0905\u092e\u0930&nbsp;&nbsp; \u0905\u091c\u0930 \u0905\u092e\u0930 \u0905\u092e\u0943\u0924&nbsp; \u0905\u092e\u0943\u0924 an\u0101rth&nbsp;&nbsp; \u0917\u0932\u0924 \u0905\u0930\u094d\u0925 andhat\u0101&nbsp;&nbsp;&nbsp;&nbsp;&nbsp;&nbsp;&nbsp;&nbsp;&nbsp;&nbsp;&nbsp;&nbsp;&nbsp;&nbsp; \u0905\u0902\u0927\u093e\u092a\u0928 \u0905\u0928\u0947\u0915&nbsp; \u0915\u0908, \u0915\u0908 \u0905\u0902\u091c\u0928&nbsp; \u0905\u0928\u091c\u093e\u0928 \u0905\u0928\u0941\u092d\u0935 \u0905\u0928\u0941\u092d\u0935 [&hellip;]<\/p>\n","protected":false},"author":1,"featured_media":0,"parent":0,"menu_order":0,"comment_status":"closed","ping_status":"closed","template":"","meta":{"site-sidebar-layout":"default","site-content-layout":"default","ast-site-content-layout":"default","site-content-style":"default","site-sidebar-style":"default","ast-global-header-display":"","ast-banner-title-visibility":"","ast-main-header-display":"","ast-hfb-above-header-display":"","ast-hfb-below-header-display":"","ast-hfb-mobile-header-display":"","site-post-title":"","ast-breadcrumbs-content":"","ast-featured-img":"","footer-sml-layout":"","ast-disable-related-posts":"","theme-transparent-header-meta":"default","adv-header-id-meta":"","stick-header-meta":"","header-above-stick-meta":"","header-main-stick-meta":"","header-below-stick-meta":"","astra-migrate-meta-layouts":"default","ast-page-background-enabled":"default","ast-page-background-meta":{"desktop":{"background-color":"","background-image":"","background-repeat":"repeat","background-position":"center center","background-size":"auto","background-attachment":"scroll","background-type":"","background-media":"","overlay-type":"","overlay-color":"","overlay-opacity":"","overlay-gradient":""},"tablet":{"background-color":"","background-image":"","background-repeat":"repeat","background-position":"center center","background-size":"auto","background-attachment":"scroll","background-type":"","background-media":"","overlay-type":"","overlay-color":"","overlay-opacity":"","overlay-gradient":""},"mobile":{"background-color":"","background-image":"","background-repeat":"repeat","background-position":"center center","background-size":"auto","background-attachment":"scroll","background-type":"","background-media":"","overlay-type":"","overlay-color":"","overlay-opacity":"","overlay-gradient":""}},"ast-content-background-meta":{"desktop":{"background-color":"var(--ast-global-color-5)","background-image":"","background-repeat":"repeat","background-position":"center center","background-size":"auto","background-attachment":"scroll","background-type":"","background-media":"","overlay-type":"","overlay-color":"","overlay-opacity":"","overlay-gradient":""},"tablet":{"background-color":"var(--ast-global-color-5)","background-image":"","background-repeat":"repeat","background-position":"center center","background-size":"auto","background-attachment":"scroll","background-type":"","background-media":"","overlay-type":"","overlay-color":"","overlay-opacity":"","overlay-gradient":""},"mobile":{"background-color":"var(--ast-global-color-5)","background-image":"","background-repeat":"repeat","background-position":"center center","background-size":"auto","background-attachment":"scroll","background-type":"","background-media":"","overlay-type":"","overlay-color":"","overlay-opacity":"","overlay-gradient":""}},"footnotes":""},"class_list":["post-684","page","type-page","status-publish","hentry"],"_links":{"self":[{"href":"https:\/\/bhaagyashri.estoniatech.com\/index.php\/wp-json\/wp\/v2\/pages\/684","targetHints":{"allow":["GET"]}}],"collection":[{"href":"https:\/\/bhaagyashri.estoniatech.com\/index.php\/wp-json\/wp\/v2\/pages"}],"about":[{"href":"https:\/\/bhaagyashri.estoniatech.com\/index.php\/wp-json\/wp\/v2\/types\/page"}],"author":[{"embeddable":true,"href":"https:\/\/bhaagyashri.estoniatech.com\/index.php\/wp-json\/wp\/v2\/users\/1"}],"replies":[{"embeddable":true,"href":"https:\/\/bhaagyashri.estoniatech.com\/index.php\/wp-json\/wp\/v2\/comments?post=684"}],"version-history":[{"count":3,"href":"https:\/\/bhaagyashri.estoniatech.com\/index.php\/wp-json\/wp\/v2\/pages\/684\/revisions"}],"predecessor-version":[{"id":741,"href":"https:\/\/bhaagyashri.estoniatech.com\/index.php\/wp-json\/wp\/v2\/pages\/684\/revisions\/741"}],"wp:attachment":[{"href":"https:\/\/bhaagyashri.estoniatech.com\/index.php\/wp-json\/wp\/v2\/media?parent=684"}],"curies":[{"name":"wp","href":"https:\/\/api.w.org\/{rel}","templated":true}]}}